{"id":7,"date":"2014-03-18T10:03:13","date_gmt":"2014-03-18T10:03:13","guid":{"rendered":"http:\/\/the7.dream-demo.com\/business\/?page_id=7"},"modified":"2017-06-19T17:01:59","modified_gmt":"2017-06-19T15:01:59","slug":"easyvin-vm","status":"publish","type":"page","link":"http:\/\/dune-informatique.fr\/web\/easyvin-vm\/","title":{"rendered":"EasyVin VenteMobile"},"content":{"rendered":"<p>[vc_row bg_type=\u00a0\u00bbbg_color\u00a0\u00bb bg_override=\u00a0\u00bbfull\u00a0\u00bb css=\u00a0\u00bb.vc_custom_1497862415957{padding-top: 20px !important;padding-bottom: 60px !important;}\u00a0\u00bb bg_color_value=\u00a0\u00bb#efefef\u00a0\u00bb][vc_column]<style type=\"text\/css\" data-type=\"the7_shortcodes-inline-css\">.shortcode-single-image-wrap.shortcode-single-image-e993874dfdc57980a824114d28c9df19.enable-bg-rollover .rollover i,\n.shortcode-single-image-wrap.shortcode-single-image-e993874dfdc57980a824114d28c9df19.enable-bg-rollover .rollover-video i {\n  background: -webkit-linear-gradient();\n  background: linear-gradient();\n}\n.shortcode-single-image-wrap.shortcode-single-image-e993874dfdc57980a824114d28c9df19 .rollover-icon {\n  font-size: 32px;\n  color: #ffffff;\n  min-width: 44px;\n  min-height: 44px;\n  line-height: 44px;\n  border-radius: 100px;\n  border-style: solid;\n  border-width: 0px;\n}\n.dt-icon-bg-on.shortcode-single-image-wrap.shortcode-single-image-e993874dfdc57980a824114d28c9df19 .rollover-icon {\n  background: rgba(255,255,255,0.3);\n  box-shadow: none;\n}\n<\/style><div class=\"shortcode-single-image-wrap shortcode-single-image-e993874dfdc57980a824114d28c9df19 alignnone  enable-bg-rollover dt-icon-bg-off\" style=\"margin-top:0px; margin-bottom:0px; margin-left:0px; margin-right:0px; width:500px;\"><div class=\"shortcode-single-image\"><div class=\"fancy-media-wrap  layzr-bg\" style=\"\"><img fetchpriority=\"high\" decoding=\"async\" class=\"preload-me lazy-load aspect\" src=\"data:image\/svg+xml,%3Csvg%20xmlns%3D&#39;http%3A%2F%2Fwww.w3.org%2F2000%2Fsvg&#39;%20viewBox%3D&#39;0%200%20500%20258&#39;%2F%3E\" data-src=\"http:\/\/dune-informatique.fr\/web\/wp-content\/uploads\/2014\/03\/logo_easyvin_vm_web-500x258.png\" data-srcset=\"http:\/\/dune-informatique.fr\/web\/wp-content\/uploads\/2014\/03\/logo_easyvin_vm_web-500x258.png 500w, http:\/\/dune-informatique.fr\/web\/wp-content\/uploads\/2014\/03\/logo_easyvin_vm_web.png 787w\" loading=\"eager\" sizes=\"(max-width: 500px) 100vw, 500px\" width=\"500\" height=\"258\"  data-dt-location=\"http:\/\/dune-informatique.fr\/web\/easyvin-vm\/logo_easyvin_vm_web\/\" style=\"--ratio: 500 \/ 258;\" alt=\"\" \/><\/div><\/div><\/div>[\/vc_column][\/vc_row][vc_row css=\u00a0\u00bb.vc_custom_1497862310296{padding-top: 30px !important;padding-bottom: 30px !important;}\u00a0\u00bb][vc_column width=\u00a0\u00bb1\/2&Prime;]<div id=\"ultimate-heading-506869f2eb0e5c87d\" class=\"uvc-heading ult-adjust-bottom-margin ultimate-heading-506869f2eb0e5c87d uvc-7268 accent-border-color\" data-hspacer=\"line_only\"  data-halign=\"left\" style=\"text-align:left\"><div class=\"uvc-main-heading ult-responsive\"  data-ultimate-target='.uvc-heading.ultimate-heading-506869f2eb0e5c87d h2'  data-responsive-json-new='{\"font-size\":\"desktop:28px;\",\"line-height\":\"desktop:38px;\"}' ><h2 style=\"font-weight:normal;margin-bottom:10px;\">La solution<\/h2><\/div><div class=\"uvc-heading-spacer line_only\" style=\"topheight:3px;\"><span class=\"uvc-headings-line\" style=\"border-style:solid;border-bottom-width:3px;border-color:#ccc;width:50px;\"><\/span><\/div><\/div>[vc_column_text css=\u00a0\u00bb.vc_custom_1497883994853{padding-top: 70px !important;}\u00a0\u00bb]La solution EasyVin VenteMobile est con\u00e7u pour la saisie de vos ventes sur ordinateur et\/ou tablette dans votre caveau ou lors de vos salons. Le logiciel permet une organisation ergonomique et claire de vos caisses. Vos vendeurs auront une plus grande maniabilit\u00e9 des fichiers clients, articles.<\/p>\n<p>EasyVin\u00a0VenteMobile respecte \u00e9galement les normes de l\u2019article 88 de la du 29 d\u00e9cembre 2015 concernant les nouvelles r\u00e9glementations des caisses enregistreuses anti-fraude, obligatoire au 1er janvier 2018[\/vc_column_text][\/vc_column][vc_column width=\u00a0\u00bb1\/2&Prime;]<style type=\"text\/css\" data-type=\"the7_shortcodes-inline-css\">.shortcode-single-image-wrap.shortcode-single-image-8952c8f0bf954ddceaf06f39ff162048.enable-bg-rollover .rollover i,\n.shortcode-single-image-wrap.shortcode-single-image-8952c8f0bf954ddceaf06f39ff162048.enable-bg-rollover .rollover-video i {\n  background: -webkit-linear-gradient();\n  background: linear-gradient();\n}\n.shortcode-single-image-wrap.shortcode-single-image-8952c8f0bf954ddceaf06f39ff162048 .rollover-icon {\n  font-size: 32px;\n  color: #ffffff;\n  min-width: 44px;\n  min-height: 44px;\n  line-height: 44px;\n  border-radius: 100px;\n  border-style: solid;\n  border-width: 0px;\n}\n.dt-icon-bg-on.shortcode-single-image-wrap.shortcode-single-image-8952c8f0bf954ddceaf06f39ff162048 .rollover-icon {\n  background: rgba(255,255,255,0.3);\n  box-shadow: none;\n}\n<\/style><div class=\"shortcode-single-image-wrap shortcode-single-image-8952c8f0bf954ddceaf06f39ff162048 alignnone  enable-bg-rollover dt-icon-bg-off\" style=\"margin-top:0px; margin-bottom:0px; margin-left:0px; margin-right:0px; width:700px;\"><div class=\"shortcode-single-image\"><div class=\"fancy-media-wrap  layzr-bg\" style=\"\"><img decoding=\"async\" class=\"preload-me lazy-load aspect\" src=\"data:image\/svg+xml,%3Csvg%20xmlns%3D&#39;http%3A%2F%2Fwww.w3.org%2F2000%2Fsvg&#39;%20viewBox%3D&#39;0%200%20492%20352&#39;%2F%3E\" data-src=\"http:\/\/dune-informatique.fr\/web\/wp-content\/uploads\/2014\/03\/sss-492x352.png\" data-srcset=\"http:\/\/dune-informatique.fr\/web\/wp-content\/uploads\/2014\/03\/sss-492x352.png 492w\" loading=\"eager\" sizes=\"(max-width: 492px) 100vw, 492px\" width=\"492\" height=\"352\"  data-dt-location=\"http:\/\/dune-informatique.fr\/web\/easyvin-vm\/sss\/\" style=\"--ratio: 492 \/ 352;\" alt=\"\" \/><\/div><\/div><\/div>[\/vc_column][\/vc_row][vc_row bg_type=\u00a0\u00bbbg_color\u00a0\u00bb bg_override=\u00a0\u00bbfull\u00a0\u00bb css=\u00a0\u00bb.vc_custom_1497864264639{padding-top: 30px !important;}\u00a0\u00bb bg_color_value=\u00a0\u00bb#efefef\u00a0\u00bb][vc_column]<div id=\"ultimate-heading-754869f2eb0e5d412\" class=\"uvc-heading ult-adjust-bottom-margin ultimate-heading-754869f2eb0e5d412 uvc-2360 accent-border-color\" data-hspacer=\"line_only\"  data-halign=\"left\" style=\"text-align:left\"><div class=\"uvc-main-heading ult-responsive\"  data-ultimate-target='.uvc-heading.ultimate-heading-754869f2eb0e5d412 h2'  data-responsive-json-new='{\"font-size\":\"desktop:28px;\",\"line-height\":\"desktop:38px;\"}' ><h2 style=\"font-weight:normal;margin-bottom:10px;\">Les fonctionnalit\u00e9s<\/h2><\/div><div class=\"uvc-heading-spacer line_only\" style=\"margin-bottom:20px;height:3px;\"><span class=\"uvc-headings-line\" style=\"border-style:solid;border-bottom-width:3px;border-color:#ccc;width:45px;\"><\/span><\/div><div class=\"uvc-sub-heading ult-responsive\"  data-ultimate-target='.uvc-heading.ultimate-heading-754869f2eb0e5d412 .uvc-sub-heading '  data-responsive-json-new='{\"font-size\":\"\",\"line-height\":\"desktop:30px;\"}'  style=\"font-weight:normal;\">EasyVin VenteMobile r\u00e9pond \u00e0 toutes vos attentes gr\u00e2ce \u00e0 ses multiples fonctionnalit\u00e9s :<\/div><\/div>[\/vc_column][\/vc_row][vc_row bg_type=\u00a0\u00bbbg_color\u00a0\u00bb bg_override=\u00a0\u00bbfull\u00a0\u00bb css=\u00a0\u00bb.vc_custom_1497864284254{padding-bottom: 30px !important;}\u00a0\u00bb bg_color_value=\u00a0\u00bb#efefef\u00a0\u00bb][vc_column width=\u00a0\u00bb1\/2&Prime;]<div class=\"standard-arrow list-divider bullet-top\"><ul>\n<li>Acc\u00e8s rapide aux produits par touches param\u00e9trables<\/li>\n<li>Fixation des prix : carton ou bouteille<\/li>\n<li>Vente en coffret (avec d\u00e9tails des produits)<\/li>\n<li>Cr\u00e9ation statistique d\u00e9taill\u00e9es des ventes<\/li>\n<\/ul>\n<\/div>[\/vc_column][vc_column width=\u00a0\u00bb1\/2&Prime;]<div class=\"standard-arrow list-divider bullet-top\"><ul>\n<li>Historique des achats clients<\/li>\n<li>Impression de facture d\u00e9taill\u00e9e<\/li>\n<li>Syst\u00e8me de fid\u00e9lisation clients<\/li>\n<li>Sauvegarde programm\u00e9es des donn\u00e9es<\/li>\n<\/ul>\n<\/div>[\/vc_column][\/vc_row][vc_row css=\u00a0\u00bb.vc_custom_1497869294951{padding-top: 30px !important;padding-bottom: 30px !important;}\u00a0\u00bb][vc_column width=\u00a0\u00bb1\/2&Prime;]<div id=\"ultimate-heading-852869f2eb0e5d57b\" class=\"uvc-heading ult-adjust-bottom-margin ultimate-heading-852869f2eb0e5d57b uvc-9893 accent-border-color\" data-hspacer=\"line_only\"  data-halign=\"left\" style=\"text-align:left\"><div class=\"uvc-main-heading ult-responsive\"  data-ultimate-target='.uvc-heading.ultimate-heading-852869f2eb0e5d57b h2'  data-responsive-json-new='{\"font-size\":\"desktop:28px;\",\"line-height\":\"desktop:38px;\"}' ><h2 style=\"font-weight:normal;margin-bottom:10px;\">Tablette ou pc, vous choisissez<\/h2><\/div><div class=\"uvc-heading-spacer line_only\" style=\"margin-bottom:50px;height:3px;\"><span class=\"uvc-headings-line\" style=\"border-style:solid;border-bottom-width:3px;border-color:#ccc;width:85px;\"><\/span><\/div><\/div><style type=\"text\/css\" data-type=\"the7_shortcodes-inline-css\">.shortcode-single-image-wrap.shortcode-single-image-0bae1b3dd8c78e98ccebafbd366ccba8.enable-bg-rollover .rollover i,\n.shortcode-single-image-wrap.shortcode-single-image-0bae1b3dd8c78e98ccebafbd366ccba8.enable-bg-rollover .rollover-video i {\n  background: -webkit-linear-gradient();\n  background: linear-gradient();\n}\n.shortcode-single-image-wrap.shortcode-single-image-0bae1b3dd8c78e98ccebafbd366ccba8 .rollover-icon {\n  font-size: 32px;\n  color: #ffffff;\n  min-width: 44px;\n  min-height: 44px;\n  line-height: 44px;\n  border-radius: 100px;\n  border-style: solid;\n  border-width: 0px;\n}\n.dt-icon-bg-on.shortcode-single-image-wrap.shortcode-single-image-0bae1b3dd8c78e98ccebafbd366ccba8 .rollover-icon {\n  background: rgba(255,255,255,0.3);\n  box-shadow: none;\n}\n<\/style><div class=\"shortcode-single-image-wrap shortcode-single-image-0bae1b3dd8c78e98ccebafbd366ccba8 alignnone  enable-bg-rollover dt-icon-bg-off\" style=\"margin-top:0px; margin-bottom:0px; margin-left:0px; margin-right:0px; width:500px;\"><div class=\"shortcode-single-image\"><div class=\"fancy-media-wrap  layzr-bg\" style=\"\"><img decoding=\"async\" class=\"preload-me lazy-load aspect\" src=\"data:image\/svg+xml,%3Csvg%20xmlns%3D&#39;http%3A%2F%2Fwww.w3.org%2F2000%2Fsvg&#39;%20viewBox%3D&#39;0%200%20500%20388&#39;%2F%3E\" data-src=\"http:\/\/dune-informatique.fr\/web\/wp-content\/uploads\/2014\/03\/win10-500x388.png\" data-srcset=\"http:\/\/dune-informatique.fr\/web\/wp-content\/uploads\/2014\/03\/win10-500x388.png 500w, http:\/\/dune-informatique.fr\/web\/wp-content\/uploads\/2014\/03\/win10-1000x776.png 1000w\" loading=\"eager\" sizes=\"(max-width: 500px) 100vw, 500px\" width=\"500\" height=\"388\"  data-dt-location=\"http:\/\/dune-informatique.fr\/web\/easyvin-vm\/win10\/\" style=\"--ratio: 500 \/ 388;\" alt=\"\" \/><\/div><\/div><\/div>[vc_column_text]Con\u00e7u pour \u00eatre votre nouveau partenaire de d\u00e9placement, tout est pr\u00e9vu :[\/vc_column_text]<div class=\"standard-arrow list-divider bullet-top\"><ul>\n<li>Mat\u00e9riel derni\u00e8re technologie fonctionnant en wifi<\/li>\n<li>Ordinateur &#8211; Tablette 2en1 ultra l\u00e9ger avec batterie longue dur\u00e9e<\/li>\n<li>Routeur wifi et imprimante EPSON<\/li>\n<\/ul>\n<\/div>[\/vc_column][vc_column width=\u00a0\u00bb1\/2&Prime;]<div id=\"ultimate-heading-661769f2eb0e5e06d\" class=\"uvc-heading ult-adjust-bottom-margin ultimate-heading-661769f2eb0e5e06d uvc-3035 accent-border-color\" data-hspacer=\"line_only\"  data-halign=\"left\" style=\"text-align:left\"><div class=\"uvc-main-heading ult-responsive\"  data-ultimate-target='.uvc-heading.ultimate-heading-661769f2eb0e5e06d h2'  data-responsive-json-new='{\"font-size\":\"desktop:28px;\",\"line-height\":\"desktop:38px;\"}' ><h2 style=\"font-weight:normal;margin-bottom:10px;\">Sans oublier<\/h2><\/div><div class=\"uvc-heading-spacer line_only\" style=\"margin-bottom:50px;height:3px;\"><span class=\"uvc-headings-line\" style=\"border-style:solid;border-bottom-width:3px;border-color:#ccc;width:85px;\"><\/span><\/div><\/div><style type=\"text\/css\" data-type=\"the7_shortcodes-inline-css\">.shortcode-single-image-wrap.shortcode-single-image-ab8df6d15460d2dddee0591228c14088.enable-bg-rollover .rollover i,\n.shortcode-single-image-wrap.shortcode-single-image-ab8df6d15460d2dddee0591228c14088.enable-bg-rollover .rollover-video i {\n  background: -webkit-linear-gradient();\n  background: linear-gradient();\n}\n.shortcode-single-image-wrap.shortcode-single-image-ab8df6d15460d2dddee0591228c14088 .rollover-icon {\n  font-size: 32px;\n  color: #ffffff;\n  min-width: 44px;\n  min-height: 44px;\n  line-height: 44px;\n  border-radius: 100px;\n  border-style: solid;\n  border-width: 0px;\n}\n.dt-icon-bg-on.shortcode-single-image-wrap.shortcode-single-image-ab8df6d15460d2dddee0591228c14088 .rollover-icon {\n  background: rgba(255,255,255,0.3);\n  box-shadow: none;\n}\n<\/style><div class=\"shortcode-single-image-wrap shortcode-single-image-ab8df6d15460d2dddee0591228c14088 alignnone  enable-bg-rollover dt-icon-bg-off\" style=\"margin-top:0px; margin-bottom:0px; margin-left:0px; margin-right:0px; width:500px;\"><div class=\"shortcode-single-image\"><div class=\"fancy-media-wrap  layzr-bg\" style=\"\"><img decoding=\"async\" class=\"preload-me lazy-load aspect\" src=\"data:image\/svg+xml,%3Csvg%20xmlns%3D&#39;http%3A%2F%2Fwww.w3.org%2F2000%2Fsvg&#39;%20viewBox%3D&#39;0%200%20500%20375&#39;%2F%3E\" data-src=\"http:\/\/dune-informatique.fr\/web\/wp-content\/uploads\/2014\/03\/IMG_9542-500x375.png\" data-srcset=\"http:\/\/dune-informatique.fr\/web\/wp-content\/uploads\/2014\/03\/IMG_9542-500x375.png 500w, http:\/\/dune-informatique.fr\/web\/wp-content\/uploads\/2014\/03\/IMG_9542-1000x750.png 1000w\" loading=\"eager\" sizes=\"(max-width: 500px) 100vw, 500px\" width=\"500\" height=\"375\"  data-dt-location=\"http:\/\/dune-informatique.fr\/web\/easyvin-vm\/img_9542-2\/\" style=\"--ratio: 500 \/ 375;\" alt=\"\" \/><\/div><\/div><\/div><div class=\"standard-arrow list-divider bullet-top\"><ul>\n<li>Une mallette rigide pour plus de s\u00e9curit\u00e9 contre la casse et le vol (possibilit\u00e9 de verrouiller)<\/li>\n<li>Un syst\u00e8me ing\u00e9nieux de s\u00e9curisation des donn\u00e9es gr\u00e2ce \u00e0 une cl\u00e9 USB compressant et cryptant les fichiers<\/li>\n<\/ul>\n<\/div>[\/vc_column][\/vc_row][vc_row css=\u00a0\u00bb.vc_custom_1497869511708{padding-top: 30px !important;padding-bottom: 60px !important;}\u00a0\u00bb][vc_column][vc_btn title=\u00a0\u00bbT\u00e9l\u00e9charger la brochure\u00a0\u00bb style=\u00a0\u00bboutline\u00a0\u00bb color=\u00a0\u00bborange\u00a0\u00bb size=\u00a0\u00bblg\u00a0\u00bb align=\u00a0\u00bbcenter\u00a0\u00bb custom_onclick=\u00a0\u00bbtrue\u00a0\u00bb link=\u00a0\u00bburl:http%3A%2F%2Fdune-informatique.fr%2Fweb%2Fwp-content%2Fuploads%2F2017%2F06%2Feasyvin_vm_web.pdf||target:%20_blank|\u00a0\u00bb][\/vc_column][\/vc_row]<\/p>\n","protected":false},"excerpt":{"rendered":"<p>[vc_row bg_type=\u00a0\u00bbbg_color\u00a0\u00bb bg_override=\u00a0\u00bbfull\u00a0\u00bb css=\u00a0\u00bb.vc_custom_1497862415957{padding-top: 20px !important;padding-bottom: 60px !important;}\u00a0\u00bb bg_color_value=\u00a0\u00bb#efefef\u00a0\u00bb][vc_column][\/vc_column][\/vc_row][vc_row css=\u00a0\u00bb.vc_custom_1497862310296{padding-top: 30px !important;padding-bottom: 30px !important;}\u00a0\u00bb][vc_column width=\u00a0\u00bb1\/2&Prime;][vc_column_text css=\u00a0\u00bb.vc_custom_1497883994853{padding-top: 70px !important;}\u00a0\u00bb]La solution EasyVin VenteMobile est con\u00e7u pour la saisie de vos ventes sur ordinateur et\/ou tablette dans votre caveau ou lors de vos salons. Le logiciel permet une organisation ergonomique et claire de vos caisses. Vos vendeurs auront&hellip;<\/p>\n","protected":false},"author":1,"featured_media":0,"parent":0,"menu_order":20,"comment_status":"closed","ping_status":"closed","template":"","meta":{"footnotes":""},"_links":{"self":[{"href":"http:\/\/dune-informatique.fr\/web\/wp-json\/wp\/v2\/pages\/7"}],"collection":[{"href":"http:\/\/dune-informatique.fr\/web\/wp-json\/wp\/v2\/pages"}],"about":[{"href":"http:\/\/dune-informatique.fr\/web\/wp-json\/wp\/v2\/types\/page"}],"author":[{"embeddable":true,"href":"http:\/\/dune-informatique.fr\/web\/wp-json\/wp\/v2\/users\/1"}],"replies":[{"embeddable":true,"href":"http:\/\/dune-informatique.fr\/web\/wp-json\/wp\/v2\/comments?post=7"}],"version-history":[{"count":6,"href":"http:\/\/dune-informatique.fr\/web\/wp-json\/wp\/v2\/pages\/7\/revisions"}],"predecessor-version":[{"id":1952,"href":"http:\/\/dune-informatique.fr\/web\/wp-json\/wp\/v2\/pages\/7\/revisions\/1952"}],"wp:attachment":[{"href":"http:\/\/dune-informatique.fr\/web\/wp-json\/wp\/v2\/media?parent=7"}],"curies":[{"name":"wp","href":"https:\/\/api.w.org\/{rel}","templated":true}]}}