{"id":5,"date":"2014-03-18T10:02:39","date_gmt":"2014-03-18T10:02:39","guid":{"rendered":"http:\/\/the7.dream-demo.com\/business\/?page_id=5"},"modified":"2017-09-29T11:33:37","modified_gmt":"2017-09-29T09:33:37","slug":"a-propos","status":"publish","type":"page","link":"http:\/\/dune-informatique.fr\/web\/a-propos\/","title":{"rendered":"\u00c0 propos de nous"},"content":{"rendered":"<p>[vc_row margin_top=\u00a0\u00bb-50&Prime; bg_type=\u00a0\u00bbimage\u00a0\u00bb parallax_style=\u00a0\u00bbvcpb-vz-jquery\u00a0\u00bb bg_image_new=\u00a0\u00bbid^1986|url^http:\/\/dune-informatique.fr\/web\/wp-content\/uploads\/2014\/03\/thomas-schaefer-129323-copie-2.jpg|caption^null|alt^null|title^thomas-schaefer-129323 copie|description^null\u00a0\u00bb bg_image_repeat=\u00a0\u00bbno-repeat\u00a0\u00bb bg_override=\u00a0\u00bbex-full\u00a0\u00bb type=\u00a0\u00bbvc_default\u00a0\u00bb css=\u00a0\u00bb.vc_custom_1497429215663{padding-top: 10% !important;padding-bottom: 10% !important;}\u00a0\u00bb][vc_column offset=\u00a0\u00bbvc_col-lg-12 vc_col-md-12&Prime;]<div id=\"ultimate-heading-226969f2f86067fd5\" class=\"uvc-heading ult-adjust-bottom-margin ultimate-heading-226969f2f86067fd5 uvc-2833 accent-subtitle-color\" data-hspacer=\"no_spacer\"  data-halign=\"center\" style=\"text-align:center\"><div class=\"uvc-heading-spacer no_spacer\" style=\"top\"><\/div><div class=\"uvc-main-heading ult-responsive\"  data-ultimate-target='.uvc-heading.ultimate-heading-226969f2f86067fd5 h2'  data-responsive-json-new='{\"font-size\":\"desktop:70px;mobile_landscape:30px;\",\"line-height\":\"desktop:80px;mobile_landscape:40px;\"}' ><h2 style=\"font-weight:normal;color:#ffffff;\">\u00c0 PROPOS DE NOUS<\/h2><\/div><div class=\"uvc-sub-heading ult-responsive\"  data-ultimate-target='.uvc-heading.ultimate-heading-226969f2f86067fd5 .uvc-sub-heading '  data-responsive-json-new='{\"font-size\":\"desktop:40px;mobile_landscape:22px;\",\"line-height\":\"desktop:50px;mobile_landscape:32px;\"}'  style=\"font-family:&#039;Roboto&#039;;font-weight:normal;color:#ffffff;margin-top:10px;margin-bottom:25px;\">Cr\u00e9ateur de logiciels pour les m\u00e9tiers de la vigne et du vin<\/div><\/div><style type=\"text\/css\" data-type=\"the7_shortcodes-inline-css\">.dt-breadcrumbs-id-81fd1249f36a695bde73b848b379b3e1 .breadcrumbs {\n  display: inline-block;\n  margin: 0;\n  padding: 3px 10px 3px 10px;\n  background: rgba(255,255,255,0.15);\n  border: 0px solid rgba(255,255,255,0.25);\n  border-radius: 5px;\n}\n.dt-breadcrumbs-id-81fd1249f36a695bde73b848b379b3e1 .breadcrumbs * {\n  font-size: 13px;\n  line-height: 16px;\n  color: #ffffff;\n}\n<\/style><div class=\"dt-breadcrumbs-shortcode dt-breadcrumbs-id-81fd1249f36a695bde73b848b379b3e1 align-centre\"><div class=\"assistive-text\">Vous \u00eates ici :<\/div><ol class=\"breadcrumbs text-small\" itemscope itemtype=\"https:\/\/schema.org\/BreadcrumbList\"><li itemprop=\"itemListElement\" itemscope itemtype=\"https:\/\/schema.org\/ListItem\"><a itemprop=\"item\" href=\"http:\/\/dune-informatique.fr\/web\/\" title=\"Accueil\"><span itemprop=\"name\">Accueil<\/span><\/a><meta itemprop=\"position\" content=\"1\" \/><\/li><li class=\"current\" itemprop=\"itemListElement\" itemscope itemtype=\"https:\/\/schema.org\/ListItem\"><span itemprop=\"name\">Page<\/span><meta itemprop=\"position\" content=\"2\" \/><\/li><\/ol><\/div>[\/vc_column][\/vc_row][vc_row type=\u00a0\u00bbvc_default\u00a0\u00bb css=\u00a0\u00bb.vc_custom_1497427882021{padding-top: 30px !important;padding-bottom: 20px !important;}\u00a0\u00bb][vc_column offset=\u00a0\u00bbvc_col-lg-6 vc_col-md-6 vc_col-xs-12&Prime; css=\u00a0\u00bb.vc_custom_1490268456882{padding-bottom: 50px !important;}\u00a0\u00bb]<div id=\"ultimate-heading-187769f2f86068a37\" class=\"uvc-heading ult-adjust-bottom-margin ultimate-heading-187769f2f86068a37 uvc-5718 accent-border-color\" data-hspacer=\"line_only\"  data-halign=\"left\" style=\"text-align:left\"><div class=\"uvc-main-heading ult-responsive\"  data-ultimate-target='.uvc-heading.ultimate-heading-187769f2f86068a37 h2'  data-responsive-json-new='{\"font-size\":\"desktop:26px;\",\"line-height\":\"desktop:36px;\"}' ><h2 style=\"font-weight:normal;margin-bottom:10px;\">Qui sommes-nous ?<\/h2><\/div><div class=\"uvc-heading-spacer line_only\" style=\"margin-bottom:45px;height:3px;\"><span class=\"uvc-headings-line\" style=\"border-style:solid;border-bottom-width:3px;border-color:#ccc;width:70px;\"><\/span><\/div><\/div>[vc_column_text]Cr\u00e9\u00e9 depuis 30 ans, Dune Informatique con\u00e7oit et commercialise des logiciels pour les m\u00e9tiers de la vigne et du vin.<\/p>\n<p>L&rsquo;entreprise, expert dans le d\u00e9veloppement et programmation informatique, elle propose aux professionnels de la fili\u00e8re viti-vinicole des solutions adapt\u00e9es \u00e0 leurs besoins journaliers : logiciel de n\u00e9goce, cuverie \/ parcellaire et de caisse.<\/p>\n<p>Le si\u00e8ge est situ\u00e9 \u00e0 Tours, en plein c\u0153ur du Val de Loire.[\/vc_column_text][\/vc_column][vc_column offset=\u00a0\u00bbvc_col-lg-6 vc_col-md-6 vc_col-xs-12&Prime; css=\u00a0\u00bb.vc_custom_1490268460084{padding-bottom: 50px !important;}\u00a0\u00bb]<div id=\"ultimate-heading-191269f2f86068a7c\" class=\"uvc-heading ult-adjust-bottom-margin ultimate-heading-191269f2f86068a7c uvc-4001 accent-border-color\" data-hspacer=\"line_only\"  data-halign=\"left\" style=\"text-align:left\"><div class=\"uvc-main-heading ult-responsive\"  data-ultimate-target='.uvc-heading.ultimate-heading-191269f2f86068a7c h2'  data-responsive-json-new='{\"font-size\":\"desktop:26px;\",\"line-height\":\"desktop:36px;\"}' ><h2 style=\"font-weight:normal;margin-bottom:10px;\">Notre exp\u00e9rience<\/h2><\/div><div class=\"uvc-heading-spacer line_only\" style=\"margin-bottom:45px;height:3px;\"><span class=\"uvc-headings-line\" style=\"border-style:solid;border-bottom-width:3px;border-color:#ccc;width:70px;\"><\/span><\/div><\/div>[vc_progress_bar values=\u00a0\u00bb%5B%7B%22label%22%3A%22D%C3%A9veloppement%20informatique%20-%20%2B30%20ans%20%22%2C%22value%22%3A%2295%22%7D%2C%7B%22label%22%3A%22Connaissance%20de%20la%20fili%C3%A8re%20viti-vinicole%20-%20%2B28%20ans%22%2C%22value%22%3A%2280%22%7D%2C%7B%22label%22%3A%22Int%C3%A9gration%20du%20tactile%20dans%20nos%20logiciels%20-%20%2B15%20ans%22%2C%22value%22%3A%2270%22%7D%5D\u00a0\u00bb options=\u00a0\u00bbstriped,animated\u00a0\u00bb caption_pos=\u00a0\u00bbtop\u00a0\u00bb][\/vc_column][\/vc_row][vc_row bg_color=\u00a0\u00bb#efefef\u00a0\u00bb bg_type=\u00a0\u00bbbg_color\u00a0\u00bb bg_override=\u00a0\u00bbfull\u00a0\u00bb type=\u00a0\u00bbvc_default\u00a0\u00bb css=\u00a0\u00bb.vc_custom_1497427986189{padding-top: 30px !important;padding-bottom: 30px !important;background-color: #efefef !important;}\u00a0\u00bb bg_color_value=\u00a0\u00bb#efefef\u00a0\u00bb][vc_column width=\u00a0\u00bb1\/2&Prime; offset=\u00a0\u00bbvc_col-lg-6 vc_col-md-6 vc_col-xs-12&Prime; css=\u00a0\u00bb.vc_custom_1476013037503{padding-bottom: 25px !important;}\u00a0\u00bb]<div id=\"ultimate-heading-712469f2f86068ab5\" class=\"uvc-heading ult-adjust-bottom-margin ultimate-heading-712469f2f86068ab5 uvc-4261 accent-border-color\" data-hspacer=\"line_only\"  data-halign=\"left\" style=\"text-align:left\"><div class=\"uvc-main-heading ult-responsive\"  data-ultimate-target='.uvc-heading.ultimate-heading-712469f2f86068ab5 h2'  data-responsive-json-new='{\"font-size\":\"desktop:26px;\",\"line-height\":\"desktop:36px;\"}' ><h2 style=\"font-weight:normal;margin-bottom:10px;\">Nos principes<\/h2><\/div><div class=\"uvc-heading-spacer line_only\" style=\"margin-bottom:50px;height:3px;\"><span class=\"uvc-headings-line\" style=\"border-style:solid;border-bottom-width:3px;border-color:#ccc;width:70px;\"><\/span><\/div><\/div><div class=\"aio-icon-component  vc_custom_1497428155951   accent-icon-color style_1\"><div id=\"Info-box-wrap-3839\" class=\"aio-icon-box left-icon\" style=\"\"  ><div class=\"aio-icon-left\"><div class=\"ult-just-icon-wrapper  \"><div class=\"align-icon\" style=\"text-align:center;\">\n<div class=\"aio-icon none \"  style=\"font-size:38px;display:inline-block;\">\n\t<i class=\"icomoon-material-24x24-favorite\"><\/i>\n<\/div><\/div><\/div><\/div><div class=\"aio-ibd-block\"><div class=\"aio-icon-header\" ><h3 class=\"aio-icon-title ult-responsive\"  data-ultimate-target='#Info-box-wrap-3839 .aio-icon-title'  data-responsive-json-new='{\"font-size\":\"desktop:22px;\",\"line-height\":\"desktop:32px;\"}'  style=\"\">Qualit\u00e9<\/h3><\/div> <!-- header --><div class=\"aio-icon-description ult-responsive\"  data-ultimate-target='#Info-box-wrap-3839 .aio-icon-description'  data-responsive-json-new='{\"font-size\":\"\",\"line-height\":\"\"}'  style=\"\">Depuis nos d\u00e9buts, l&rsquo;objectif principal est de satisfaire notre client\u00e8le. Nous proposons un service sur-mesure selon les clients et leurs besoins. Notre \u00e9quipe se tient \u00e0 votre enti\u00e8re disposition par t\u00e9l\u00e9phone ou par mail.<\/div> <!-- description --><\/div> <!-- aio-ibd-block --><\/div> <!-- aio-icon-box --><\/div> <!-- aio-icon-component --><div class=\"aio-icon-component  vc_custom_1506677580116   accent-icon-color style_1\"><div id=\"Info-box-wrap-1664\" class=\"aio-icon-box left-icon\" style=\"\"  ><div class=\"aio-icon-left\"><div class=\"ult-just-icon-wrapper  \"><div class=\"align-icon\" style=\"text-align:center;\">\n<div class=\"aio-icon none \"  style=\"font-size:38px;display:inline-block;\">\n\t<i class=\"icomoon-material-24x24-brightness_low\"><\/i>\n<\/div><\/div><\/div><\/div><div class=\"aio-ibd-block\"><div class=\"aio-icon-header\" ><h3 class=\"aio-icon-title ult-responsive\"  data-ultimate-target='#Info-box-wrap-1664 .aio-icon-title'  data-responsive-json-new='{\"font-size\":\"desktop:22px;\",\"line-height\":\"desktop:32px;\"}'  style=\"\">Innovation<\/h3><\/div> <!-- header --><div class=\"aio-icon-description ult-responsive\"  data-ultimate-target='#Info-box-wrap-1664 .aio-icon-description'  data-responsive-json-new='{\"font-size\":\"\",\"line-height\":\"\"}'  style=\"\">Votre organisation est notre priorit\u00e9. C&rsquo;est pourquoi nous concevons des solutions r\u00e9pondant aux besoins de votre m\u00e9tier. Chaque d\u00e9tail est pris en compte afin d&rsquo;avoir des logiciels les plus complets possible.<\/div> <!-- description --><\/div> <!-- aio-ibd-block --><\/div> <!-- aio-icon-box --><\/div> <!-- aio-icon-component -->[\/vc_column][vc_column width=\u00a0\u00bb1\/2&Prime;][vc_empty_space height=\u00a0\u00bb96px\u00a0\u00bb]<div class=\"aio-icon-component  vc_custom_1497428145613   accent-icon-color style_1\"><div id=\"Info-box-wrap-8392\" class=\"aio-icon-box left-icon\" style=\"\"  ><div class=\"aio-icon-left\"><div class=\"ult-just-icon-wrapper  \"><div class=\"align-icon\" style=\"text-align:center;\">\n<div class=\"aio-icon none \"  style=\"font-size:38px;display:inline-block;\">\n\t<i class=\"icomoon-material-24x24-assistant\"><\/i>\n<\/div><\/div><\/div><\/div><div class=\"aio-ibd-block\"><div class=\"aio-icon-header\" ><h3 class=\"aio-icon-title ult-responsive\"  data-ultimate-target='#Info-box-wrap-8392 .aio-icon-title'  data-responsive-json-new='{\"font-size\":\"desktop:22px;\",\"line-height\":\"desktop:32px;\"}'  style=\"\">Cr\u00e9ativit\u00e9<\/h3><\/div> <!-- header --><div class=\"aio-icon-description ult-responsive\"  data-ultimate-target='#Info-box-wrap-8392 .aio-icon-description'  data-responsive-json-new='{\"font-size\":\"\",\"line-height\":\"\"}'  style=\"\">Parce que l&rsquo;informatique n&rsquo;est pas inn\u00e9, la conception de nos logiciels est faite de mani\u00e8re \u00e0 ce que l&rsquo;utilisation soit la plus simple et ludique possible. Pas de superflu, nous allons \u00e0 l&rsquo;essentiel.<\/div> <!-- description --><\/div> <!-- aio-ibd-block --><\/div> <!-- aio-icon-box --><\/div> <!-- aio-icon-component -->[\/vc_column][\/vc_row][vc_row css=\u00a0\u00bb.vc_custom_1497428763546{padding-top: 30px !important;padding-bottom: 60px !important;}\u00a0\u00bb][vc_column]<div id=\"ultimate-heading-378169f2f86069147\" class=\"uvc-heading ult-adjust-bottom-margin ultimate-heading-378169f2f86069147 uvc-7623 accent-border-color\" data-hspacer=\"line_only\"  data-halign=\"left\" style=\"text-align:left\"><div class=\"uvc-main-heading ult-responsive\"  data-ultimate-target='.uvc-heading.ultimate-heading-378169f2f86069147 h2'  data-responsive-json-new='{\"font-size\":\"desktop:26px;\",\"line-height\":\"desktop:36px;\"}' ><h2 style=\"font-weight:normal;margin-bottom:10px;\">Contactez -nous<\/h2><\/div><div class=\"uvc-heading-spacer line_only\" style=\"margin-bottom:50px;height:3px;\"><span class=\"uvc-headings-line\" style=\"border-style:solid;border-bottom-width:3px;border-color:;width:90px;\"><\/span><\/div><\/div><form class=\"dt-contact-form dt-form\" method=\"post\"><input type=\"hidden\" name=\"widget_id\" value=\"presscore-contact-form-widget--1\" \/><input type=\"hidden\" name=\"send_message\" value=\"\" \/><input type=\"hidden\" name=\"security_token\" value=\"\"\/><div class=\"form-fields\"><span class=\"form-name\"><label class=\"assistive-text\">Nom *<\/label><input type=\"text\" class=\"validate[required]\" placeholder=\"Nom *\" name=\"name\" value=\"\" aria-required=\"true\">\n<\/span><span class=\"form-mail\"><label class=\"assistive-text\">E-mail *<\/label><input type=\"text\" class=\"validate[required,custom[email]]\" placeholder=\"E-mail *\" name=\"email\" value=\"\" aria-required=\"true\">\n<\/span><span class=\"form-telephone\"><label class=\"assistive-text\">T\u00e9l\u00e9phone *<\/label><input type=\"text\" class=\"validate[required,custom[phone]]\" placeholder=\"T\u00e9l\u00e9phone *\" name=\"telephone\" value=\"\" aria-required=\"true\">\n<\/span><span class=\"form-company\"><label class=\"assistive-text\">Entreprise *<\/label><input type=\"text\" class=\"validate[required]\" placeholder=\"Entreprise *\" name=\"company\" value=\"\" aria-required=\"true\">\n<\/span><\/div><span class=\"form-message\"><label class=\"assistive-text\">Message *<\/label><textarea class=\"validate[required]\" placeholder=\"Message *\" name=\"message\" rows=\"6\" aria-required=\"true\"><\/textarea>\n<\/span><p><a href=\"#\" class=\"dt-btn dt-btn-m dt-btn-submit\" rel=\"nofollow\"><span>Envoyer<\/span><\/a><input class=\"assistive-text\" type=\"submit\" value=\"envoyer\"><\/p><\/form>\n[\/vc_column][\/vc_row]<\/p>\n","protected":false},"excerpt":{"rendered":"<p>[vc_row margin_top=\u00a0\u00bb-50&Prime; bg_type=\u00a0\u00bbimage\u00a0\u00bb parallax_style=\u00a0\u00bbvcpb-vz-jquery\u00a0\u00bb bg_image_new=\u00a0\u00bbid^1986|url^http:\/\/dune-informatique.fr\/web\/wp-content\/uploads\/2014\/03\/thomas-schaefer-129323-copie-2.jpg|caption^null|alt^null|title^thomas-schaefer-129323 copie|description^null\u00a0\u00bb bg_image_repeat=\u00a0\u00bbno-repeat\u00a0\u00bb bg_override=\u00a0\u00bbex-full\u00a0\u00bb type=\u00a0\u00bbvc_default\u00a0\u00bb css=\u00a0\u00bb.vc_custom_1497429215663{padding-top: 10% !important;padding-bottom: 10% !important;}\u00a0\u00bb][vc_column offset=\u00a0\u00bbvc_col-lg-12 vc_col-md-12&Prime;][\/vc_column][\/vc_row][vc_row type=\u00a0\u00bbvc_default\u00a0\u00bb css=\u00a0\u00bb.vc_custom_1497427882021{padding-top: 30px !important;padding-bottom: 20px !important;}\u00a0\u00bb][vc_column offset=\u00a0\u00bbvc_col-lg-6 vc_col-md-6 vc_col-xs-12&Prime; css=\u00a0\u00bb.vc_custom_1490268456882{padding-bottom: 50px !important;}\u00a0\u00bb][vc_column_text]Cr\u00e9\u00e9 depuis 30 ans, Dune Informatique con\u00e7oit et commercialise des logiciels pour les m\u00e9tiers de la vigne et du vin. L&rsquo;entreprise, expert dans le d\u00e9veloppement et programmation informatique,&hellip;<\/p>\n","protected":false},"author":1,"featured_media":0,"parent":0,"menu_order":10,"comment_status":"closed","ping_status":"closed","template":"","meta":{"footnotes":""},"_links":{"self":[{"href":"http:\/\/dune-informatique.fr\/web\/wp-json\/wp\/v2\/pages\/5"}],"collection":[{"href":"http:\/\/dune-informatique.fr\/web\/wp-json\/wp\/v2\/pages"}],"about":[{"href":"http:\/\/dune-informatique.fr\/web\/wp-json\/wp\/v2\/types\/page"}],"author":[{"embeddable":true,"href":"http:\/\/dune-informatique.fr\/web\/wp-json\/wp\/v2\/users\/1"}],"replies":[{"embeddable":true,"href":"http:\/\/dune-informatique.fr\/web\/wp-json\/wp\/v2\/comments?post=5"}],"version-history":[{"count":14,"href":"http:\/\/dune-informatique.fr\/web\/wp-json\/wp\/v2\/pages\/5\/revisions"}],"predecessor-version":[{"id":2052,"href":"http:\/\/dune-informatique.fr\/web\/wp-json\/wp\/v2\/pages\/5\/revisions\/2052"}],"wp:attachment":[{"href":"http:\/\/dune-informatique.fr\/web\/wp-json\/wp\/v2\/media?parent=5"}],"curies":[{"name":"wp","href":"https:\/\/api.w.org\/{rel}","templated":true}]}}