{"id":11,"date":"2014-03-18T10:04:12","date_gmt":"2014-03-18T10:04:12","guid":{"rendered":"http:\/\/the7.dream-demo.com\/business\/?page_id=11"},"modified":"2017-06-14T17:51:16","modified_gmt":"2017-06-14T15:51:16","slug":"contact","status":"publish","type":"page","link":"http:\/\/dune-informatique.fr\/web\/contact\/","title":{"rendered":"Contact"},"content":{"rendered":"<p>[vc_row margin_top=\u00a0\u00bb-50&Prime; bg_type=\u00a0\u00bbimage\u00a0\u00bb parallax_style=\u00a0\u00bbvcpb-vz-jquery\u00a0\u00bb bg_image_new=\u00a0\u00bbid^1965|url^http:\/\/dune-informatique.fr\/web\/wp-content\/uploads\/2014\/03\/purple-grapes-553462_1280-copie.jpg|caption^null|alt^null|title^purple-grapes-553462_1280 copie|description^null\u00a0\u00bb bg_image_repeat=\u00a0\u00bbno-repeat\u00a0\u00bb bg_override=\u00a0\u00bbex-full\u00a0\u00bb type=\u00a0\u00bbvc_default\u00a0\u00bb css=\u00a0\u00bb.vc_custom_1497359465090{padding-top: 10% !important;padding-bottom: 10% !important;background-position: center !important;background-repeat: no-repeat !important;background-size: cover !important;}\u00a0\u00bb][vc_column offset=\u00a0\u00bbvc_col-lg-12 vc_col-md-12&Prime;]<div id=\"ultimate-heading-597569f2f88b0d260\" class=\"uvc-heading ult-adjust-bottom-margin ultimate-heading-597569f2f88b0d260 uvc-8680 accent-subtitle-color\" data-hspacer=\"no_spacer\"  data-halign=\"center\" style=\"text-align:center\"><div class=\"uvc-heading-spacer no_spacer\" style=\"top\"><\/div><div class=\"uvc-main-heading ult-responsive\"  data-ultimate-target='.uvc-heading.ultimate-heading-597569f2f88b0d260 h2'  data-responsive-json-new='{\"font-size\":\"desktop:70px;mobile_landscape:30px;\",\"line-height\":\"desktop:80px;mobile_landscape:40px;\"}' ><h2 style=\"font-weight:normal;color:#ffffff;\">CONTACT<\/h2><\/div><div class=\"uvc-sub-heading ult-responsive\"  data-ultimate-target='.uvc-heading.ultimate-heading-597569f2f88b0d260 .uvc-sub-heading '  data-responsive-json-new='{\"font-size\":\"desktop:40px;mobile_landscape:22px;\",\"line-height\":\"desktop:50px;mobile_landscape:32px;\"}'  style=\"font-family:&#039;Roboto&#039;;font-weight:normal;color:#ffffff;margin-top:10px;margin-bottom:25px;\">Restons en contact<\/div><\/div><style type=\"text\/css\" data-type=\"the7_shortcodes-inline-css\">.dt-breadcrumbs-id-81fd1249f36a695bde73b848b379b3e1 .breadcrumbs {\n  display: inline-block;\n  margin: 0;\n  padding: 3px 10px 3px 10px;\n  background: rgba(255,255,255,0.15);\n  border: 0px solid rgba(255,255,255,0.25);\n  border-radius: 5px;\n}\n.dt-breadcrumbs-id-81fd1249f36a695bde73b848b379b3e1 .breadcrumbs * {\n  font-size: 13px;\n  line-height: 16px;\n  color: #ffffff;\n}\n<\/style><div class=\"dt-breadcrumbs-shortcode dt-breadcrumbs-id-81fd1249f36a695bde73b848b379b3e1 align-centre\"><div class=\"assistive-text\">Vous \u00eates ici :<\/div><ol class=\"breadcrumbs text-small\" itemscope itemtype=\"https:\/\/schema.org\/BreadcrumbList\"><li itemprop=\"itemListElement\" itemscope itemtype=\"https:\/\/schema.org\/ListItem\"><a itemprop=\"item\" href=\"http:\/\/dune-informatique.fr\/web\/\" title=\"Accueil\"><span itemprop=\"name\">Accueil<\/span><\/a><meta itemprop=\"position\" content=\"1\" \/><\/li><li class=\"current\" itemprop=\"itemListElement\" itemscope itemtype=\"https:\/\/schema.org\/ListItem\"><span itemprop=\"name\">Page<\/span><meta itemprop=\"position\" content=\"2\" \/><\/li><\/ol><\/div>[\/vc_column][\/vc_row][vc_row margin_top=\u00a0\u00bb0&Prime; margin_bottom=\u00a0\u00bb-35&Prime; type=\u00a0\u00bbvc_default\u00a0\u00bb css=\u00a0\u00bb.vc_custom_1490283281186{margin-top: 70px !important;margin-bottom: 20px !important;}\u00a0\u00bb][vc_column offset=\u00a0\u00bbvc_col-lg-6 vc_col-md-5 vc_col-xs-12&Prime; css=\u00a0\u00bb.vc_custom_1475919773120{padding-bottom: 50px !important;}\u00a0\u00bb]<div id=\"ultimate-heading-348669f2f88b0dbf1\" class=\"uvc-heading ult-adjust-bottom-margin ultimate-heading-348669f2f88b0dbf1 uvc-6139 accent-border-color\" data-hspacer=\"line_only\"  data-halign=\"left\" style=\"text-align:left\"><div class=\"uvc-main-heading ult-responsive\"  data-ultimate-target='.uvc-heading.ultimate-heading-348669f2f88b0dbf1 h2'  data-responsive-json-new='{\"font-size\":\"desktop:26px;\",\"line-height\":\"desktop:36px;\"}' ><h2 style=\"font-weight:normal;margin-bottom:10px;\">Envoyez-nous un message<\/h2><\/div><div class=\"uvc-heading-spacer line_only\" style=\"margin-bottom:45px;height:3px;\"><span class=\"uvc-headings-line\" style=\"border-style:solid;border-bottom-width:3px;border-color:#ccc;width:70px;\"><\/span><\/div><\/div>[vc_column_text css=\u00a0\u00bb.vc_custom_1497342825029{padding-bottom: 45px !important;}\u00a0\u00bb]Notre \u00e9quipe reste \u00e0 votre enti\u00e8re disposition pour toute demande d&rsquo;information. N&rsquo;h\u00e9sitez pas \u00e0 nous contacter.[\/vc_column_text]<form class=\"dt-contact-form dt-form\" method=\"post\"><input type=\"hidden\" name=\"widget_id\" value=\"presscore-contact-form-widget--1\" \/><input type=\"hidden\" name=\"send_message\" value=\"\" \/><input type=\"hidden\" name=\"security_token\" value=\"\"\/><div class=\"form-fields\"><span class=\"form-name\"><label class=\"assistive-text\">Nom *<\/label><input type=\"text\" class=\"validate[required]\" placeholder=\"Nom *\" name=\"name\" value=\"\" aria-required=\"true\">\n<\/span><span class=\"form-mail\"><label class=\"assistive-text\">E-mail *<\/label><input type=\"text\" class=\"validate[required,custom[email]]\" placeholder=\"E-mail *\" name=\"email\" value=\"\" aria-required=\"true\">\n<\/span><span class=\"form-telephone\"><label class=\"assistive-text\">T\u00e9l\u00e9phone<\/label><input type=\"text\" placeholder=\"T\u00e9l\u00e9phone\" name=\"telephone\" value=\"\" aria-required=\"false\">\n<\/span><span class=\"form-company\"><label class=\"assistive-text\">Entreprise<\/label><input type=\"text\" placeholder=\"Entreprise\" name=\"company\" value=\"\" aria-required=\"false\">\n<\/span><\/div><span class=\"form-message\"><label class=\"assistive-text\">Message *<\/label><textarea class=\"validate[required]\" placeholder=\"Message *\" name=\"message\" rows=\"8\" aria-required=\"true\"><\/textarea>\n<\/span><p><a href=\"#\" class=\"dt-btn dt-btn-m dt-btn-submit\" rel=\"nofollow\"><span>Envoyer<\/span><\/a><input class=\"assistive-text\" type=\"submit\" value=\"envoyer\"><\/p><\/form>\n[\/vc_column][vc_column offset=\u00a0\u00bbvc_col-lg-6 vc_col-md-7 vc_col-xs-12&Prime; css=\u00a0\u00bb.vc_custom_1490283964083{padding-bottom: 40px !important;}\u00a0\u00bb]<div id=\"ultimate-heading-619169f2f88b0eb50\" class=\"uvc-heading ult-adjust-bottom-margin ultimate-heading-619169f2f88b0eb50 uvc-5415 accent-border-color\" data-hspacer=\"line_only\"  data-halign=\"left\" style=\"text-align:left\"><div class=\"uvc-main-heading ult-responsive\"  data-ultimate-target='.uvc-heading.ultimate-heading-619169f2f88b0eb50 h2'  data-responsive-json-new='{\"font-size\":\"desktop:26px;\",\"line-height\":\"desktop:36px;\"}' ><h2 style=\"font-weight:normal;margin-bottom:10px;\">Contact Info<\/h2><\/div><div class=\"uvc-heading-spacer line_only\" style=\"margin-bottom:55px;height:3px;\"><span class=\"uvc-headings-line\" style=\"border-style:solid;border-bottom-width:3px;border-color:#ccc;width:70px;\"><\/span><\/div><\/div>[vc_gmaps link=\u00a0\u00bb#E-8_JTNDaWZyYW1lJTIwc3JjJTNEJTIyaHR0cHMlM0ElMkYlMkZ3d3cuZ29vZ2xlLmNvbSUyRm1hcHMlMkZlbWJlZCUzRnBiJTNEJTIxMW0xOCUyMTFtMTIlMjExbTMlMjExZDg2NDQ1LjU3MTE3OTE4MjIzJTIxMmQwLjY3MzkyNjUxNTYyMjgwNTMlMjEzZDQ3LjM4NDE1NzU3OTE3MDQ4NCUyMTJtMyUyMTFmMCUyMTJmMCUyMTNmMCUyMTNtMiUyMTFpMTAyNCUyMTJpNzY4JTIxNGYxMy4xJTIxM20zJTIxMW0yJTIxMXMweDQ3ZmNkNWMxOTEwNGE4NzklMjUzQTB4YWFjNDE1MjEyZjU2NjBhNCUyMTJzMiUyQlJ1ZSUyQmR1JTJCUGxhdCUyQmQlMjYlMjMzOSUzQiUyNUMzJTI1ODl0YWluJTI1MkMlMkIzNzAwMCUyQlRvdXJzJTIxNWUwJTIxM20yJTIxMXNmciUyMTJzZnIlMjE0djE0OTczNDQxNzY2ODYlMjIlMjB3aWR0aCUzRCUyMjQwMCUyMiUyMGhlaWdodCUzRCUyMjM1MCUyMiUyMGZyYW1lYm9yZGVyJTNEJTIyMCUyMiUyMHN0eWxlJTNEJTIyYm9yZGVyJTNBMCUyMiUyMGFsbG93ZnVsbHNjcmVlbiUzRSUzQyUyRmlmcmFtZSUzRQ==\u00a0\u00bb][vc_row_inner equal_height=\u00a0\u00bbyes\u00a0\u00bb css=\u00a0\u00bb.vc_custom_1490283625740{padding-top: 10px !important;padding-right: 15px !important;padding-left: 15px !important;}\u00a0\u00bb][vc_column_inner width=\u00a0\u00bb1\/2&Prime; css=\u00a0\u00bb.vc_custom_1490283688049{margin-top: 0px !important;margin-right: 0px !important;margin-bottom: 0px !important;margin-left: 0px !important;padding-top: 0px !important;padding-right: 10px !important;padding-bottom: 30px !important;padding-left: 10px !important;}\u00a0\u00bb]<div class=\"aio-icon-component  vc_custom_1497342890308  accent-icon-color style_1\"><div id=\"Info-box-wrap-1955\" class=\"aio-icon-box left-icon\" style=\"\"  ><div class=\"aio-icon-left\"><div class=\"ult-just-icon-wrapper  \"><div class=\"align-icon\" style=\"text-align:center;\">\n<div class=\"aio-icon none \"  style=\"color:#ffffff;font-size:18px;display:inline-block;\">\n\t<i class=\"icomoon-icomoonfree-16x16-office\"><\/i>\n<\/div><\/div><\/div><\/div><div class=\"aio-ibd-block\"><div class=\"aio-icon-description ult-responsive\"  data-ultimate-target='#Info-box-wrap-1955 .aio-icon-description'  data-responsive-json-new='{\"font-size\":\"\",\"line-height\":\"\"}'  style=\"\">2 rue du Plat d&rsquo;\u00c9tain<\/p>\n<p>37000 TOURS<\/div> <!-- description --><\/div> <!-- aio-ibd-block --><\/div> <!-- aio-icon-box --><\/div> <!-- aio-icon-component -->[\/vc_column_inner][vc_column_inner width=\u00a0\u00bb1\/2&Prime; css=\u00a0\u00bb.vc_custom_1490283696108{margin-top: 0px !important;margin-right: 0px !important;margin-bottom: 0px !important;margin-left: 0px !important;padding-top: 0px !important;padding-right: 10px !important;padding-bottom: 30px !important;padding-left: 10px !important;}\u00a0\u00bb]<div class=\"aio-icon-component  vc_custom_1497342918973  accent-icon-color style_1\"><div id=\"Info-box-wrap-3472\" class=\"aio-icon-box left-icon\" style=\"\"  ><div class=\"aio-icon-left\"><div class=\"ult-just-icon-wrapper  \"><div class=\"align-icon\" style=\"text-align:center;\">\n<div class=\"aio-icon none \"  style=\"color:#aaaaaa;font-size:18px;display:inline-block;\">\n\t<i class=\"icomoon-icomoonfree-16x16-mobile\"><\/i>\n<\/div><\/div><\/div><\/div><div class=\"aio-ibd-block\"><div class=\"aio-icon-description ult-responsive\"  data-ultimate-target='#Info-box-wrap-3472 .aio-icon-description'  data-responsive-json-new='{\"font-size\":\"\",\"line-height\":\"\"}'  style=\"\">02 47 38 51 03<\/div> <!-- description --><\/div> <!-- aio-ibd-block --><\/div> <!-- aio-icon-box --><\/div> <!-- aio-icon-component -->[\/vc_column_inner][vc_column_inner width=\u00a0\u00bb1\/2&Prime; css=\u00a0\u00bb.vc_custom_1490283700212{margin-top: 0px !important;margin-right: 0px !important;margin-bottom: 0px !important;margin-left: 0px !important;padding-top: 0px !important;padding-right: 10px !important;padding-bottom: 30px !important;padding-left: 10px !important;}\u00a0\u00bb]<div class=\"aio-icon-component  vc_custom_1497342938346  accent-icon-color style_1\"><div id=\"Info-box-wrap-9551\" class=\"aio-icon-box left-icon\" style=\"\"  ><div class=\"aio-icon-left\"><div class=\"ult-just-icon-wrapper  \"><div class=\"align-icon\" style=\"text-align:center;\">\n<div class=\"aio-icon none \"  style=\"color:#aaaaaa;font-size:18px;display:inline-block;\">\n\t<i class=\"icomoon-icomoonfree-16x16-pencil2\"><\/i>\n<\/div><\/div><\/div><\/div><div class=\"aio-ibd-block\"><div class=\"aio-icon-description ult-responsive\"  data-ultimate-target='#Info-box-wrap-9551 .aio-icon-description'  data-responsive-json-new='{\"font-size\":\"\",\"line-height\":\"\"}'  style=\"\">contact@dune-informatique.fr<\/div> <!-- description --><\/div> <!-- aio-ibd-block --><\/div> <!-- aio-icon-box --><\/div> <!-- aio-icon-component -->[\/vc_column_inner][\/vc_row_inner][\/vc_column][\/vc_row]<\/p>\n","protected":false},"excerpt":{"rendered":"<p>[vc_row margin_top=\u00a0\u00bb-50&Prime; bg_type=\u00a0\u00bbimage\u00a0\u00bb parallax_style=\u00a0\u00bbvcpb-vz-jquery\u00a0\u00bb bg_image_new=\u00a0\u00bbid^1965|url^http:\/\/dune-informatique.fr\/web\/wp-content\/uploads\/2014\/03\/purple-grapes-553462_1280-copie.jpg|caption^null|alt^null|title^purple-grapes-553462_1280 copie|description^null\u00a0\u00bb bg_image_repeat=\u00a0\u00bbno-repeat\u00a0\u00bb bg_override=\u00a0\u00bbex-full\u00a0\u00bb type=\u00a0\u00bbvc_default\u00a0\u00bb css=\u00a0\u00bb.vc_custom_1497359465090{padding-top: 10% !important;padding-bottom: 10% !important;background-position: center !important;background-repeat: no-repeat !important;background-size: cover !important;}\u00a0\u00bb][vc_column offset=\u00a0\u00bbvc_col-lg-12 vc_col-md-12&Prime;][\/vc_column][\/vc_row][vc_row margin_top=\u00a0\u00bb0&Prime; margin_bottom=\u00a0\u00bb-35&Prime; type=\u00a0\u00bbvc_default\u00a0\u00bb css=\u00a0\u00bb.vc_custom_1490283281186{margin-top: 70px !important;margin-bottom: 20px !important;}\u00a0\u00bb][vc_column offset=\u00a0\u00bbvc_col-lg-6 vc_col-md-5 vc_col-xs-12&Prime; css=\u00a0\u00bb.vc_custom_1475919773120{padding-bottom: 50px !important;}\u00a0\u00bb][vc_column_text css=\u00a0\u00bb.vc_custom_1497342825029{padding-bottom: 45px !important;}\u00a0\u00bb]Notre \u00e9quipe reste \u00e0 votre enti\u00e8re disposition pour toute demande d&rsquo;information. N&rsquo;h\u00e9sitez pas \u00e0 nous contacter.[\/vc_column_text][\/vc_column][vc_column offset=\u00a0\u00bbvc_col-lg-6&hellip;<\/p>\n","protected":false},"author":1,"featured_media":0,"parent":0,"menu_order":60,"comment_status":"closed","ping_status":"closed","template":"","meta":{"footnotes":""},"_links":{"self":[{"href":"http:\/\/dune-informatique.fr\/web\/wp-json\/wp\/v2\/pages\/11"}],"collection":[{"href":"http:\/\/dune-informatique.fr\/web\/wp-json\/wp\/v2\/pages"}],"about":[{"href":"http:\/\/dune-informatique.fr\/web\/wp-json\/wp\/v2\/types\/page"}],"author":[{"embeddable":true,"href":"http:\/\/dune-informatique.fr\/web\/wp-json\/wp\/v2\/users\/1"}],"replies":[{"embeddable":true,"href":"http:\/\/dune-informatique.fr\/web\/wp-json\/wp\/v2\/comments?post=11"}],"version-history":[{"count":8,"href":"http:\/\/dune-informatique.fr\/web\/wp-json\/wp\/v2\/pages\/11\/revisions"}],"predecessor-version":[{"id":2036,"href":"http:\/\/dune-informatique.fr\/web\/wp-json\/wp\/v2\/pages\/11\/revisions\/2036"}],"wp:attachment":[{"href":"http:\/\/dune-informatique.fr\/web\/wp-json\/wp\/v2\/media?parent=11"}],"curies":[{"name":"wp","href":"https:\/\/api.w.org\/{rel}","templated":true}]}}